{"id":37,"date":"2016-07-01T20:28:10","date_gmt":"2016-07-01T18:28:10","guid":{"rendered":"http:\/\/www.eisler-fotograf-liezen.at\/?page_id=37"},"modified":"2018-05-03T21:02:37","modified_gmt":"2018-05-03T19:02:37","slug":"emanuel-eisler","status":"publish","type":"page","link":"https:\/\/www.eisler-fotograf-liezen.at\/?page_id=37","title":{"rendered":"Emanuel Eisler"},"content":{"rendered":"<p>Emanuel Eisler wurde am 20.01.1848 als Sohn von Mojzes Eisler und Johanna M\u00fchlrad in Kojkovice, einen kleinen Dorf in der N\u00e4he von Deutsch Brod in B\u00f6hmen, geboren.<br \/>\n1871 heiratete er seine Cousine Maria Eisler. Damals arbeitete er als Partief\u00fchrer\u00a0 im Eisenbahnbau.<br \/>\nAls die Bahnlinie Wien.. 18xx fertiggestellt war, war er gezwungen seine Heimat zu verlassen um in seinem Beruf weiter arbeiten zu k\u00f6nnen. Da zur selben Zeit mit dem Bahnbau von Bischofshofen nach Selzthal begonnen wurde, kam er ins Ennstal.<br \/>\nNach der Fertigstellung der Eisenbahnlinie im Jahr 187x\u00a0 blieb er in Liezen und arbeitete wieder als Partief\u00fchrer bei der Ennsregulierung. Mit dem Ende der gro\u00dfen Bauabschnitte der Ennsregulierung wurde er in Liezen sesshaft und begann ab 1883 als Tischler zu arbeiten.\u00a0 Ab etwa 1890 arbeitete er nebenbei als Fotograf.<\/p>\n<p>Beide Berufe florierten pr\u00e4chtig: Die Tischlerei besch\u00e4ftigte um 1910 etwa 30 Personen und auch im Fotostudio wurden mehrer Fotografen und Assistenten besch\u00e4ftigt.<\/p>\n<p>Um 1910 wurde das Eislerhaus (etwa an der Stelle des heutigen Trachtenhaus Aigner) errichtet: ein dreigeschossiges Wohngeb\u00e4ude. Im Erdgeschoss wohnte die Familie Eisler, der erste Stock war an die Gendarmerie vermietet, im zweiten Obergeschoss befand sich das Fotostudio mit einem Glasdach gegen Osten.<br \/>\nS\u00fcdlich davon war der Tischlerbetrieb in einem separaten Geb\u00e4ude untergebracht.<\/p>\n<p>Emanuel und Maria Eisler hatten 10 Kinder.<br \/>\nDie beiden \u00e4ltesten S\u00f6hne \u00fcbernahmen die beiden Betriebe: Siegmund Eisler wurde Tischler, Ignaz Eisler war zwar auch ausgebildeter Tischler, \u00fcbernahm jedoch das Fotostudio.<\/p>\n<p>Emanuel Eisler starb am 24 08.1914. Das Schicksal wollte es, dass am selben Tag sein Sohn Richard Eisler bei einem der ersten Gefechte an der Ostfront in Galizien das Leben verlor.<br \/>\nEs liegt vielleicht in der Natur der Sache, dass es von dem Fotografen Emanuel Eisler nur ein einzigen Foto gibt. Er stand wohl mei\u00dftens hinter der Kamera<\/p>\n<p>&nbsp;<\/p>\n<p>&nbsp;<\/p>\n","protected":false},"excerpt":{"rendered":"<p>Emanuel Eisler wurde am 20.01.1848 als Sohn von Mojzes Eisler und Johanna M\u00fchlrad in Kojkovice, einen kleinen Dorf in der N\u00e4he von Deutsch Brod in<\/p>\n","protected":false},"author":1,"featured_media":0,"parent":57,"menu_order":0,"comment_status":"closed","ping_status":"closed","template":"full-width-page.php","meta":{"footnotes":""},"class_list":["post-37","page","type-page","status-publish","hentry"],"amp_enabled":false,"_links":{"self":[{"href":"https:\/\/www.eisler-fotograf-liezen.at\/index.php?rest_route=\/wp\/v2\/pages\/37","targetHints":{"allow":["GET"]}}],"collection":[{"href":"https:\/\/www.eisler-fotograf-liezen.at\/index.php?rest_route=\/wp\/v2\/pages"}],"about":[{"href":"https:\/\/www.eisler-fotograf-liezen.at\/index.php?rest_route=\/wp\/v2\/types\/page"}],"author":[{"embeddable":true,"href":"https:\/\/www.eisler-fotograf-liezen.at\/index.php?rest_route=\/wp\/v2\/users\/1"}],"replies":[{"embeddable":true,"href":"https:\/\/www.eisler-fotograf-liezen.at\/index.php?rest_route=%2Fwp%2Fv2%2Fcomments&post=37"}],"version-history":[{"count":5,"href":"https:\/\/www.eisler-fotograf-liezen.at\/index.php?rest_route=\/wp\/v2\/pages\/37\/revisions"}],"predecessor-version":[{"id":101,"href":"https:\/\/www.eisler-fotograf-liezen.at\/index.php?rest_route=\/wp\/v2\/pages\/37\/revisions\/101"}],"up":[{"embeddable":true,"href":"https:\/\/www.eisler-fotograf-liezen.at\/index.php?rest_route=\/wp\/v2\/pages\/57"}],"wp:attachment":[{"href":"https:\/\/www.eisler-fotograf-liezen.at\/index.php?rest_route=%2Fwp%2Fv2%2Fmedia&parent=37"}],"curies":[{"name":"wp","href":"https:\/\/api.w.org\/{rel}","templated":true}]}}