{"id":39,"date":"2016-07-01T20:28:43","date_gmt":"2016-07-01T18:28:43","guid":{"rendered":"http:\/\/www.eisler-fotograf-liezen.at\/?page_id=39"},"modified":"2025-03-27T10:40:36","modified_gmt":"2025-03-27T09:40:36","slug":"ignatz-eisler","status":"publish","type":"page","link":"https:\/\/www.eisler-fotograf-liezen.at\/?page_id=39","title":{"rendered":"Ignaz Eisler"},"content":{"rendered":"<h4>Ignaz Eisler<br \/>\ngeboren am 15.05.1872 in Krasna Hora, gestorben 13.08.1964 in Wien,<\/h4>\n<p>Ignaz Eisler war der zweit\u00e4lteste Sohn von Emanuel Eisler. Er wurde noch in B\u00f6hmen, in Krasna Hora bei Deutsch Brod, geboren und kam im Alter von 6 Jahren nach Liezen.<br \/>\nEr war ein begabter Musiker und spielte mehrere Instrumente. Auf Fotos ist er mit Violinen, Tuba? und ? zu sehen.<\/p>\n<p>Ignaz Eisler hatte zwei uneheliche Kinder, die nach ihren M\u00fcttern benannt waren: Emanuel Fahrenberger wurde Tischler und gr\u00fcndete nach dem Krieg in der N\u00e4he von Bonn eine Fabrik f\u00fcr Apothekeneinrichtungen. Hanns Pollinger wurde Fotograf, arbeitete w\u00e4hrend des Krieges im renommierten Fotostudio Simonis in Wien.<br \/>\n1919 heiratete Ignaz Eisler Antonia Nebel, die eine angenommene Tochter (Anna Suschnik) mit in die Ehe brachte.<br \/>\nIgnaz Eisler f\u00fchrte das Fotostudio bis zum M\u00e4rz 1938. In der NS-Diktatur durfte er als Jude den Gewerbebetrieb nicht mehr weiterf\u00fchren. Zusammen mit seinem Bruder Sigmund wurde er in der &#8222;Reichskristallnacht&#8220; am 9. November 1938 verhaftet und f\u00fcr mehrere Wochen in das KZ Dachau verbracht. Im Dezember wurden beide wieder entlassen, mu\u00dften als Bedingung aber ihren Betrieb aufgeben und Liezen verlassen. Sie \u00fcbersiedelten nach Wien.\u00a0 Die Vernichtung der Juden ab dem Jahr 1940 \u00fcberlebte er, so wie seine Br\u00fcder Sigmund und Karl, weil er mit einer &#8222;arischen&#8220; Frau verheiratet war und daher im Jargon des NS-Regime in einer &#8222;priviligierten Mischehe&#8220; lebte.<br \/>\nNach dem Krieg kehrte er nicht mehr nach Liezen zur\u00fcck, sondern blieb in Wien, wo er 1964 hochbetagt verstarb.<\/p>\n","protected":false},"excerpt":{"rendered":"<p>Ignaz Eisler geboren am 15.05.1872 in Krasna Hora, gestorben 13.08.1964 in Wien, Ignaz Eisler war der zweit\u00e4lteste Sohn von Emanuel Eisler. Er wurde noch in<\/p>\n","protected":false},"author":1,"featured_media":0,"parent":57,"menu_order":0,"comment_status":"closed","ping_status":"closed","template":"","meta":{"footnotes":""},"class_list":["post-39","page","type-page","status-publish","hentry"],"amp_enabled":true,"_links":{"self":[{"href":"https:\/\/www.eisler-fotograf-liezen.at\/index.php?rest_route=\/wp\/v2\/pages\/39","targetHints":{"allow":["GET"]}}],"collection":[{"href":"https:\/\/www.eisler-fotograf-liezen.at\/index.php?rest_route=\/wp\/v2\/pages"}],"about":[{"href":"https:\/\/www.eisler-fotograf-liezen.at\/index.php?rest_route=\/wp\/v2\/types\/page"}],"author":[{"embeddable":true,"href":"https:\/\/www.eisler-fotograf-liezen.at\/index.php?rest_route=\/wp\/v2\/users\/1"}],"replies":[{"embeddable":true,"href":"https:\/\/www.eisler-fotograf-liezen.at\/index.php?rest_route=%2Fwp%2Fv2%2Fcomments&post=39"}],"version-history":[{"count":6,"href":"https:\/\/www.eisler-fotograf-liezen.at\/index.php?rest_route=\/wp\/v2\/pages\/39\/revisions"}],"predecessor-version":[{"id":168,"href":"https:\/\/www.eisler-fotograf-liezen.at\/index.php?rest_route=\/wp\/v2\/pages\/39\/revisions\/168"}],"up":[{"embeddable":true,"href":"https:\/\/www.eisler-fotograf-liezen.at\/index.php?rest_route=\/wp\/v2\/pages\/57"}],"wp:attachment":[{"href":"https:\/\/www.eisler-fotograf-liezen.at\/index.php?rest_route=%2Fwp%2Fv2%2Fmedia&parent=39"}],"curies":[{"name":"wp","href":"https:\/\/api.w.org\/{rel}","templated":true}]}}