{"id":67,"date":"2016-07-01T21:07:56","date_gmt":"2016-07-01T19:07:56","guid":{"rendered":"http:\/\/www.eisler-fotograf-liezen.at\/?page_id=67"},"modified":"2025-03-27T10:49:03","modified_gmt":"2025-03-27T09:49:03","slug":"die-negative","status":"publish","type":"page","link":"https:\/\/www.eisler-fotograf-liezen.at\/?page_id=67","title":{"rendered":"die Negative"},"content":{"rendered":"<p>Aus dem Fotostudio Eisler haben sich insgesamt 10.397 Plattennegativ aus der Zeit von ca. 1885 bis 1935 erhalten.<br \/>\nDie Negative wurden schon \u00a0zur Zeit als das Fotostudio noch bestand am Dachboden des 1910 errichteten Eislerhauses gelagert, weil der Dachboden ideale Lagerbedingungen bietet: Er ist extrem trocken, und Feuchtigkeit ist der gr\u00f6\u00dfte Feind der Plattennegative.<\/p>\n<p>Als das Eislerhaus 1984 abgerissen wurde, war es Frau Elfriede Wagner zu verdanken, dass die Negative gerettet wurden. Ohne ihre Hartneckigkeit w\u00e4ren die Platten wohl im Bauschutt gelandet.<br \/>\nVon 1984 bis 2020 lagerten sie im Keller des Aigner-Trachtenhauses unter nicht idealen Bedingungen. Bei einem Rohrbruch mit anschliessender \u00dcberflutung des Kellers gingen einige Platten verloren. Gottseidank war der Gro\u00dfteil in wasserdichten Kontainern gelagert.<br \/>\n2005 unternahm Richard Aigner einen ersten Anlauf die Negative zu digitalisieren. Etwa 2.000 Negative, die auf ersten Blick interessant wirkten, wurden mit einem A4-Scanner gescannt.<br \/>\n2015 wurden alle Negative, unabh\u00e4ngig von Inhalt, Qualit\u00e4t oder Erhaltungszustand von Martin Aigner gescannt. Dabei wurde ein normaler Durchlicht Scanner (Canonscan 9000f) eingesetzt der in der Qualit\u00e4t nicht an den A4-Scanner herankommt, daf\u00fcr wesentlich schneller ist. Trotzdem dauerte es etwa 3 Monate bis die 10.397 Bilder gescannt und archiviert waren.<\/p>\n<p>Der Scanner kann eine maximale Breite von 6cm einlesen, daher wurden die Bilder zuerst bewusst seitlich stark beschnitten. Etwa nach 4.000 Scans bin ich dazu \u00fcbergegangen auch gro\u00dfe Platten in mehreren Abschnitten zu scannen und diese mit dem Photoshop Merge-Skript zu einem Bild zusammenzuf\u00fcgen. Die Qualit\u00e4t dieses Programms kann man nur als faszinierend bezeichnen, es ist nicht erkennbar, dass das Bild aus mehreren Einzelbildern zusammengesetzt wurde.<\/p>\n<p>Der Gro\u00dfteil der Bilder war zwar in den Schachteln abgelegt, die urspr\u00fcnglich die unbelichteten Fotoplatten enthielten. (Etwa 12 Platten pro Schachtel ). Diese Schachteln sind teilweise beschriftet mit dem Jahr und dem Ort der Aufname. Jedoch stellte sich bald heraus, dass sie nicht in den Original Schachtel gelagert waren und auch gro\u00dfteils desortiert waren. Anscheinend wurde die Platten mehrfach umsortiert und dabei in die jeweils n\u00e4chste Schachtel umgelagert. Oft waren Fotos aus einer Serie \u00fcber mehrere Schachteln verteilt.<br \/>\nDaher wurde folgendes System gew\u00e4hlt um das Auffinden eines Einzelfotos zu erm\u00f6glichen:<br \/>\nJedes digitale Foto wurde mit einem Titel versehen (Beispiel E_Box_0078_21).<br \/>\nDie Box_nummer (0078) gibt die Schachtel an, in der das Bild zu finden ist. Die Nummerierung der Schachteln erfolgte in der willk\u00fcrlichen Reihenfolge in der sie eingescannt wurden.<br \/>\nDie Zahl (-21) dahinter ist eine laufende Nummer innerhalb dieser Schachtel. Die Schachteln wiederum sind in Kontainern (Nr. 1 bis 28) gelagert, eine Liste gibt Auskunft welche Schachtel in welchem Kontainer liegt.<br \/>\nSo kann man mit der Foto-Nummer und der Liste relativ schnell jede Schachtel finden, in der Schachtel sind dann nur maximal 20 Glasnegative durchzusehen bis das Bild gefunden ist.<\/p>\n<p>Die Negative ab dem Jahr 1920 wurden von dem Fotografen (Ignaz Eisler) mit einer laufenden Nummer versehen, die mit einem Stift auf das Negativ geschrieben wurde. Auf den Schachteln wurde die Nummer und das Jahr vermerkt. Wenn also auch die Platten heute nicht mehr in der richtigen Schachtel liegen, so kann man doch \u00fcber die auf den Schachteln vermerkten Nummern und Jahreszahlen schliessen, welches Foto in welchem Jahr gemacht wurde.<br \/>\nDie Fotos zwischen 1885 und 1919 haben leider keine durchlaufenden Nummern, die Jaheszahlen sind daher nicht genau feststellbar.<\/p>\n<p>Die Plattennegative aus der Zeit um 1900 m\u00f6gen eine geringere Aufl\u00f6sung haben als ein normaler Zelluloidfilm, aber das wird durch die Gr\u00f6\u00dfe der Platte mehr als wettgemacht.<\/p>\n<p>Im Sommer 2020 wurden die Glasnegative an die Multimediale Sammlungen des Universalmuseums Joanneum in Graz \u00fcbergeben, wo sie gereinigt, teilweise restauriert und unter kontrollierten Bedingungen aufbewahrt werden.<\/p>\n","protected":false},"excerpt":{"rendered":"<p>Aus dem Fotostudio Eisler haben sich insgesamt 10.397 Plattennegativ aus der Zeit von ca. 1885 bis 1935 erhalten. Die Negative wurden schon \u00a0zur Zeit als<\/p>\n","protected":false},"author":1,"featured_media":0,"parent":4,"menu_order":0,"comment_status":"closed","ping_status":"closed","template":"","meta":{"footnotes":""},"class_list":["post-67","page","type-page","status-publish","hentry"],"amp_enabled":true,"_links":{"self":[{"href":"https:\/\/www.eisler-fotograf-liezen.at\/index.php?rest_route=\/wp\/v2\/pages\/67","targetHints":{"allow":["GET"]}}],"collection":[{"href":"https:\/\/www.eisler-fotograf-liezen.at\/index.php?rest_route=\/wp\/v2\/pages"}],"about":[{"href":"https:\/\/www.eisler-fotograf-liezen.at\/index.php?rest_route=\/wp\/v2\/types\/page"}],"author":[{"embeddable":true,"href":"https:\/\/www.eisler-fotograf-liezen.at\/index.php?rest_route=\/wp\/v2\/users\/1"}],"replies":[{"embeddable":true,"href":"https:\/\/www.eisler-fotograf-liezen.at\/index.php?rest_route=%2Fwp%2Fv2%2Fcomments&post=67"}],"version-history":[{"count":4,"href":"https:\/\/www.eisler-fotograf-liezen.at\/index.php?rest_route=\/wp\/v2\/pages\/67\/revisions"}],"predecessor-version":[{"id":170,"href":"https:\/\/www.eisler-fotograf-liezen.at\/index.php?rest_route=\/wp\/v2\/pages\/67\/revisions\/170"}],"up":[{"embeddable":true,"href":"https:\/\/www.eisler-fotograf-liezen.at\/index.php?rest_route=\/wp\/v2\/pages\/4"}],"wp:attachment":[{"href":"https:\/\/www.eisler-fotograf-liezen.at\/index.php?rest_route=%2Fwp%2Fv2%2Fmedia&parent=67"}],"curies":[{"name":"wp","href":"https:\/\/api.w.org\/{rel}","templated":true}]}}